{"id":22,"date":"2022-06-30T12:39:25","date_gmt":"2022-06-30T12:39:25","guid":{"rendered":"http:\/\/www.wizytaupsychiatry.pl\/?page_id=22"},"modified":"2022-08-01T15:23:39","modified_gmt":"2022-08-01T15:23:39","slug":"kontakt","status":"publish","type":"page","link":"https:\/\/www.wizytaupsychiatry.pl\/index.php\/kontakt\/","title":{"rendered":"Kontakt"},"content":{"rendered":"\n<h2>Katarzyna Twardosz <br>lekarz psychiatra<\/h2>\n\n\n\n<p><\/p>\n\n\n\n<h3><strong>Miejsca, w kt\u00f3rych przyjmuj\u0119 pacjent\u00f3w<\/strong><\/h3>\n\n\n\n<p><\/p>\n\n\n\n<p>WOL &#8211; MED Wolbrom ul. Skalska 22 &#8211; wizyty bezp\u0142atne,  na NFZ<\/p>\n\n\n\n<p>strona plac\u00f3wki <a href=\"http:\/\/www.wol-med.pl\/\">Miejsko &#8211; Gminne Centrum Medyczne WOL-MED sp. z o.o.<\/a><\/p>\n\n\n\n<p><\/p>\n\n\n\n<p><\/p>\n\n\n\n<hr class=\"wp-block-separator\"\/>\n\n\n\n<p><\/p>\n\n\n\n<p>Centrum Psychoterapii My\u015blenice ul. Pardyaka 5\/4 <\/p>\n\n\n\n<p>telefon do rejestracji: 12 272 06 13<\/p>\n\n\n\n<p>strona plac\u00f3wki <a href=\"https:\/\/centrum.psychoterapii.pl\/\">Centrum Psychoterapii w My\u015blenicach NZOZ &#8211; Aktualno\u015bci<\/a><\/p>\n\n\n\n<p><\/p>\n\n\n\n<hr class=\"wp-block-separator\"\/>\n\n\n\n<p><\/p>\n\n\n\n<p><\/p>\n\n\n\n<p>APRIORI Centrum Zdrowia ul. Zawi\u0142a 61A Krak\u00f3w<\/p>\n\n\n\n<p>telefon do rejestracji 888 44 55 79<\/p>\n\n\n\n<p>strona plac\u00f3wki <a href=\"https:\/\/aprioricentrum.pl\/\">Apriori Centrum Zdrowia gabinety medyczne | Krak\u00f3w Kliny Ruczaj Zawi\u0142a 61<\/a><\/p>\n\n\n\n<hr class=\"wp-block-separator\"\/>\n\n\n\n<p><\/p>\n\n\n\n<p><\/p>\n\n\n\n<p>PSYCHOMEDIC ul. Mogilska 21 Krak\u00f3w<\/p>\n\n\n\n<p>telefon do rejestracji 799 399 499<\/p>\n\n\n\n<p>strona plac\u00f3wki <a href=\"https:\/\/psychomedic.pl\/psychiatra-krakow\/\">Psychiatra Krak\u00f3w | dyskrecja i profesjonalizm &#8211; PsychoMedic Krak\u00f3w<\/a><\/p>\n\n\n\n<p><\/p>\n\n\n\n<hr class=\"wp-block-separator\"\/>\n\n\n\n<p><\/p>\n\n\n\n<p><\/p>\n\n\n\n<p><strong>Umawianie wizyt:<\/strong><br>Wizyty lekarskie (r\u00f3wnie\u017c online) naj\u0142atwiej i najszybciej <br>um\u00f3wisz przez m\u00f3j profil na portalu Znany Lekarz. <br><\/p>\n\n\n\n<div class=\"is-layout-flex wp-block-buttons\">\n<div class=\"wp-block-button\"><a class=\"wp-block-button__link\" href=\"https:\/\/www.znanylekarz.pl\/katarzyna-twardosz\/psychiatra\/krakow\">Um\u00f3w wizyt\u0119<\/a><\/div>\n<\/div>\n\n\n\n<p><\/p>\n","protected":false},"excerpt":{"rendered":"<p>Katarzyna Twardosz lekarz psychiatra Miejsca, w kt\u00f3rych przyjmuj\u0119 pacjent\u00f3w WOL &#8211; MED Wolbrom ul. Skalska 22 &#8211; wizyty bezp\u0142atne, na NFZ strona plac\u00f3wki Miejsko &#8211; Gminne Centrum Medyczne WOL-MED sp. z o.o. Centrum Psychoterapii My\u015blenice ul. Pardyaka 5\/4 telefon do rejestracji: 12 272 06 13 strona plac\u00f3wki Centrum Psychoterapii w My\u015blenicach NZOZ &#8211; Aktualno\u015bci APRIORI [&hellip;]<\/p>\n","protected":false},"author":1,"featured_media":0,"parent":0,"menu_order":0,"comment_status":"closed","ping_status":"closed","template":"","meta":{"hide_page_title":""},"yoast_head":"<!-- This site is optimized with the Yoast SEO plugin v20.3 - https:\/\/yoast.com\/wordpress\/plugins\/seo\/ -->\n<title>Kontakt - Wizyta u psychiatry<\/title>\n<meta name=\"robots\" content=\"index, follow, max-snippet:-1, max-image-preview:large, max-video-preview:-1\" \/>\n<link rel=\"canonical\" href=\"https:\/\/www.wizytaupsychiatry.pl\/index.php\/kontakt\/\" \/>\n<meta property=\"og:locale\" content=\"pl_PL\" \/>\n<meta property=\"og:type\" content=\"article\" \/>\n<meta property=\"og:title\" content=\"Kontakt - Wizyta u psychiatry\" \/>\n<meta property=\"og:description\" content=\"Katarzyna Twardosz lekarz psychiatra Miejsca, w kt\u00f3rych przyjmuj\u0119 pacjent\u00f3w WOL &#8211; MED Wolbrom ul. Skalska 22 &#8211; wizyty bezp\u0142atne, na NFZ strona plac\u00f3wki Miejsko &#8211; Gminne Centrum Medyczne WOL-MED sp. z o.o. Centrum Psychoterapii My\u015blenice ul. Pardyaka 5\/4 telefon do rejestracji: 12 272 06 13 strona plac\u00f3wki Centrum Psychoterapii w My\u015blenicach NZOZ &#8211; Aktualno\u015bci APRIORI [&hellip;]\" \/>\n<meta property=\"og:url\" content=\"https:\/\/www.wizytaupsychiatry.pl\/index.php\/kontakt\/\" \/>\n<meta property=\"og:site_name\" content=\"Wizyta u psychiatry\" \/>\n<meta property=\"article:modified_time\" content=\"2022-08-01T15:23:39+00:00\" \/>\n<meta name=\"twitter:card\" content=\"summary_large_image\" \/>\n<meta name=\"twitter:label1\" content=\"Szacowany czas czytania\" \/>\n\t<meta name=\"twitter:data1\" content=\"1 minuta\" \/>\n<script type=\"application\/ld+json\" class=\"yoast-schema-graph\">{\"@context\":\"https:\/\/schema.org\",\"@graph\":[{\"@type\":\"WebPage\",\"@id\":\"https:\/\/www.wizytaupsychiatry.pl\/index.php\/kontakt\/\",\"url\":\"https:\/\/www.wizytaupsychiatry.pl\/index.php\/kontakt\/\",\"name\":\"Kontakt - Wizyta u psychiatry\",\"isPartOf\":{\"@id\":\"https:\/\/www.wizytaupsychiatry.pl\/#website\"},\"datePublished\":\"2022-06-30T12:39:25+00:00\",\"dateModified\":\"2022-08-01T15:23:39+00:00\",\"breadcrumb\":{\"@id\":\"https:\/\/www.wizytaupsychiatry.pl\/index.php\/kontakt\/#breadcrumb\"},\"inLanguage\":\"pl-PL\",\"potentialAction\":[{\"@type\":\"ReadAction\",\"target\":[\"https:\/\/www.wizytaupsychiatry.pl\/index.php\/kontakt\/\"]}]},{\"@type\":\"BreadcrumbList\",\"@id\":\"https:\/\/www.wizytaupsychiatry.pl\/index.php\/kontakt\/#breadcrumb\",\"itemListElement\":[{\"@type\":\"ListItem\",\"position\":1,\"name\":\"Strona g\u0142\u00f3wna\",\"item\":\"https:\/\/www.wizytaupsychiatry.pl\/\"},{\"@type\":\"ListItem\",\"position\":2,\"name\":\"Kontakt\"}]},{\"@type\":\"WebSite\",\"@id\":\"https:\/\/www.wizytaupsychiatry.pl\/#website\",\"url\":\"https:\/\/www.wizytaupsychiatry.pl\/\",\"name\":\"Wizyta u psychiatry\",\"description\":\"Profesjonalna pomoc w odzyskiwaniu zdrowia psychicznego\",\"publisher\":{\"@id\":\"https:\/\/www.wizytaupsychiatry.pl\/#\/schema\/person\/1b9df6755d3144492365bd26a9d3cfc6\"},\"potentialAction\":[{\"@type\":\"SearchAction\",\"target\":{\"@type\":\"EntryPoint\",\"urlTemplate\":\"https:\/\/www.wizytaupsychiatry.pl\/?s={search_term_string}\"},\"query-input\":\"required name=search_term_string\"}],\"inLanguage\":\"pl-PL\"},{\"@type\":[\"Person\",\"Organization\"],\"@id\":\"https:\/\/www.wizytaupsychiatry.pl\/#\/schema\/person\/1b9df6755d3144492365bd26a9d3cfc6\",\"name\":\"psychiatraKT\",\"image\":{\"@type\":\"ImageObject\",\"inLanguage\":\"pl-PL\",\"@id\":\"https:\/\/www.wizytaupsychiatry.pl\/#\/schema\/person\/image\/\",\"url\":\"https:\/\/www.wizytaupsychiatry.pl\/wp-content\/litespeed\/avatar\/622ae0958effc046d6b5c7e47ab77d4f.jpg?ver=1778401140\",\"contentUrl\":\"https:\/\/www.wizytaupsychiatry.pl\/wp-content\/litespeed\/avatar\/622ae0958effc046d6b5c7e47ab77d4f.jpg?ver=1778401140\",\"caption\":\"psychiatraKT\"},\"logo\":{\"@id\":\"https:\/\/www.wizytaupsychiatry.pl\/#\/schema\/person\/image\/\"}}]}<\/script>\n<!-- \/ Yoast SEO plugin. -->","yoast_head_json":{"title":"Kontakt - Wizyta u psychiatry","robots":{"index":"index","follow":"follow","max-snippet":"max-snippet:-1","max-image-preview":"max-image-preview:large","max-video-preview":"max-video-preview:-1"},"canonical":"https:\/\/www.wizytaupsychiatry.pl\/index.php\/kontakt\/","og_locale":"pl_PL","og_type":"article","og_title":"Kontakt - Wizyta u psychiatry","og_description":"Katarzyna Twardosz lekarz psychiatra Miejsca, w kt\u00f3rych przyjmuj\u0119 pacjent\u00f3w WOL &#8211; MED Wolbrom ul. Skalska 22 &#8211; wizyty bezp\u0142atne, na NFZ strona plac\u00f3wki Miejsko &#8211; Gminne Centrum Medyczne WOL-MED sp. z o.o. Centrum Psychoterapii My\u015blenice ul. Pardyaka 5\/4 telefon do rejestracji: 12 272 06 13 strona plac\u00f3wki Centrum Psychoterapii w My\u015blenicach NZOZ &#8211; Aktualno\u015bci APRIORI [&hellip;]","og_url":"https:\/\/www.wizytaupsychiatry.pl\/index.php\/kontakt\/","og_site_name":"Wizyta u psychiatry","article_modified_time":"2022-08-01T15:23:39+00:00","twitter_card":"summary_large_image","twitter_misc":{"Szacowany czas czytania":"1 minuta"},"schema":{"@context":"https:\/\/schema.org","@graph":[{"@type":"WebPage","@id":"https:\/\/www.wizytaupsychiatry.pl\/index.php\/kontakt\/","url":"https:\/\/www.wizytaupsychiatry.pl\/index.php\/kontakt\/","name":"Kontakt - Wizyta u psychiatry","isPartOf":{"@id":"https:\/\/www.wizytaupsychiatry.pl\/#website"},"datePublished":"2022-06-30T12:39:25+00:00","dateModified":"2022-08-01T15:23:39+00:00","breadcrumb":{"@id":"https:\/\/www.wizytaupsychiatry.pl\/index.php\/kontakt\/#breadcrumb"},"inLanguage":"pl-PL","potentialAction":[{"@type":"ReadAction","target":["https:\/\/www.wizytaupsychiatry.pl\/index.php\/kontakt\/"]}]},{"@type":"BreadcrumbList","@id":"https:\/\/www.wizytaupsychiatry.pl\/index.php\/kontakt\/#breadcrumb","itemListElement":[{"@type":"ListItem","position":1,"name":"Strona g\u0142\u00f3wna","item":"https:\/\/www.wizytaupsychiatry.pl\/"},{"@type":"ListItem","position":2,"name":"Kontakt"}]},{"@type":"WebSite","@id":"https:\/\/www.wizytaupsychiatry.pl\/#website","url":"https:\/\/www.wizytaupsychiatry.pl\/","name":"Wizyta u psychiatry","description":"Profesjonalna pomoc w odzyskiwaniu zdrowia psychicznego","publisher":{"@id":"https:\/\/www.wizytaupsychiatry.pl\/#\/schema\/person\/1b9df6755d3144492365bd26a9d3cfc6"},"potentialAction":[{"@type":"SearchAction","target":{"@type":"EntryPoint","urlTemplate":"https:\/\/www.wizytaupsychiatry.pl\/?s={search_term_string}"},"query-input":"required name=search_term_string"}],"inLanguage":"pl-PL"},{"@type":["Person","Organization"],"@id":"https:\/\/www.wizytaupsychiatry.pl\/#\/schema\/person\/1b9df6755d3144492365bd26a9d3cfc6","name":"psychiatraKT","image":{"@type":"ImageObject","inLanguage":"pl-PL","@id":"https:\/\/www.wizytaupsychiatry.pl\/#\/schema\/person\/image\/","url":"https:\/\/www.wizytaupsychiatry.pl\/wp-content\/litespeed\/avatar\/622ae0958effc046d6b5c7e47ab77d4f.jpg?ver=1778401140","contentUrl":"https:\/\/www.wizytaupsychiatry.pl\/wp-content\/litespeed\/avatar\/622ae0958effc046d6b5c7e47ab77d4f.jpg?ver=1778401140","caption":"psychiatraKT"},"logo":{"@id":"https:\/\/www.wizytaupsychiatry.pl\/#\/schema\/person\/image\/"}}]}},"_links":{"self":[{"href":"https:\/\/www.wizytaupsychiatry.pl\/index.php\/wp-json\/wp\/v2\/pages\/22"}],"collection":[{"href":"https:\/\/www.wizytaupsychiatry.pl\/index.php\/wp-json\/wp\/v2\/pages"}],"about":[{"href":"https:\/\/www.wizytaupsychiatry.pl\/index.php\/wp-json\/wp\/v2\/types\/page"}],"author":[{"embeddable":true,"href":"https:\/\/www.wizytaupsychiatry.pl\/index.php\/wp-json\/wp\/v2\/users\/1"}],"replies":[{"embeddable":true,"href":"https:\/\/www.wizytaupsychiatry.pl\/index.php\/wp-json\/wp\/v2\/comments?post=22"}],"version-history":[{"count":15,"href":"https:\/\/www.wizytaupsychiatry.pl\/index.php\/wp-json\/wp\/v2\/pages\/22\/revisions"}],"predecessor-version":[{"id":182,"href":"https:\/\/www.wizytaupsychiatry.pl\/index.php\/wp-json\/wp\/v2\/pages\/22\/revisions\/182"}],"wp:attachment":[{"href":"https:\/\/www.wizytaupsychiatry.pl\/index.php\/wp-json\/wp\/v2\/media?parent=22"}],"curies":[{"name":"wp","href":"https:\/\/api.w.org\/{rel}","templated":true}]}}